{"id":1437,"date":"2013-09-06T15:19:20","date_gmt":"2013-09-06T15:19:20","guid":{"rendered":"http:\/\/impreza.us-themes.net\/pages\/contact-2\/"},"modified":"2022-10-03T18:57:09","modified_gmt":"2022-10-03T16:57:09","slug":"contact-2","status":"publish","type":"page","link":"https:\/\/www.jjrichet.com\/?page_id=1437","title":{"rendered":"Contact"},"content":{"rendered":"<section class=\"l-section wpb_row height_medium color_secondary with_img parallax_ver\"><div class=\"l-section-img\" style=\"background-image: url(https:\/\/www.jjrichet.com\/wp-content\/uploads\/2021\/03\/7041559-natural-pictures-wallpaper.jpg);\" data-img-width=\"1920\" data-img-height=\"1200\"><\/div><div class=\"l-section-h i-cf\"><div class=\"g-cols offset_small\"><div class=\"vc_col-sm-12 wpb_column vc_column_container\"><div class=\"vc_column-inner\"><div class=\"w-separator type_invisible size_huge thick_1 style_solid color_border cont_none\"><span class=\"w-separator-h\"><\/span><\/div><div class=\"w-separator type_invisible size_huge thick_1 style_solid color_border cont_none\"><span class=\"w-separator-h\"><\/span><\/div><div class=\"wpb_text_column \"><div class=\"wpb_wrapper\">\n<h1 style=\"text-align: center;\">CONTACTEZ MOI<\/h1>\n<\/div> <\/div> <div class=\"w-separator type_invisible size_huge thick_1 style_solid color_border cont_none\"><span class=\"w-separator-h\"><\/span><\/div><div class=\"w-separator type_invisible size_huge thick_1 style_solid color_border cont_none\"><span class=\"w-separator-h\"><\/span><\/div><\/div><\/div><\/div><\/div><\/section><section class=\"l-section wpb_row height_medium\"><div class=\"l-section-h i-cf\"><div class=\"g-cols offset_small valign_middle\"><div class=\"vc_col-sm-6 wpb_column vc_column_container\"><div class=\"vc_column-inner\"><div class=\"g-cols wpb_row offset_small vc_inner \"><div class=\"vc_col-sm-12 wpb_column vc_column_container\"><div class=\"vc_column-inner\"><div class=\"wpb_text_column \"><div class=\"wpb_wrapper\">\n<h4>Informations<\/h4>\n<\/div> <\/div> <div class=\"w-iconbox iconpos_left size_tiny style_outlined color_primary icontype_img\"><div class=\"w-iconbox-icon\"><img decoding=\"async\" src=\"https:\/\/www.jjrichet.com\/wp-content\/uploads\/2021\/06\/pin.png\" width=\"512\" height=\"512\" alt=\"\"><\/div><div class=\"w-iconbox-text\"><a href=\"https:\/\/www.google.com\/maps\/place\/145+Chem.+des+Cl%C3%A9ments,+38250+Lans-en-Vercors\/@45.116475,5.584137,17z\/data=!3m1!4b1!4m5!3m4!1s0x478a925cd1be679f:0xddfce6724fc8b12a!8m2!3d45.116475!4d5.5863257\">145 chemin des Clements<br \/>\nLans en Vercors<\/a><\/div><\/div><div class=\"w-separator type_invisible size_small thick_1 style_solid color_border cont_none\"><span class=\"w-separator-h\"><\/span><\/div><div class=\"w-iconbox iconpos_left size_tiny style_outlined color_primary icontype_img\"><div class=\"w-iconbox-icon\"><img decoding=\"async\" src=\"https:\/\/www.jjrichet.com\/wp-content\/uploads\/2021\/06\/call.png\" width=\"512\" height=\"512\" alt=\"\"><\/div><div class=\"w-iconbox-text\"><a href=\"callto:0630139416\">0630139416<\/a><\/div><\/div><div class=\"w-separator type_invisible size_small thick_1 style_solid color_border cont_none\"><span class=\"w-separator-h\"><\/span><\/div><div class=\"w-iconbox iconpos_left size_tiny style_outlined color_primary icontype_img\"><div class=\"w-iconbox-icon\"><img decoding=\"async\" src=\"https:\/\/www.jjrichet.com\/wp-content\/uploads\/2021\/06\/letter.png\" width=\"512\" height=\"512\" alt=\"\"><\/div><div class=\"w-iconbox-text\"><a href=\"mailto:jj.richet@gmail.com\">jj.richet@gmail.com<\/a><\/div><\/div><div class=\"w-separator type_invisible size_small thick_1 style_solid color_border cont_none\"><span class=\"w-separator-h\"><\/span><\/div><div class=\"w-image\"><div class=\"us-frame\"><img decoding=\"async\" width=\"1024\" height=\"683\" src=\"https:\/\/www.jjrichet.com\/wp-content\/uploads\/2021\/03\/visiter-annecy-1024x683.jpg\" class=\"attachment-large size-large\" alt=\"\" srcset=\"https:\/\/www.jjrichet.com\/wp-content\/uploads\/2021\/03\/visiter-annecy-1024x683.jpg 1024w, https:\/\/www.jjrichet.com\/wp-content\/uploads\/2021\/03\/visiter-annecy-300x200.jpg 300w, https:\/\/www.jjrichet.com\/wp-content\/uploads\/2021\/03\/visiter-annecy-768x512.jpg 768w, https:\/\/www.jjrichet.com\/wp-content\/uploads\/2021\/03\/visiter-annecy-600x400.jpg 600w, https:\/\/www.jjrichet.com\/wp-content\/uploads\/2021\/03\/visiter-annecy.jpg 1170w\" sizes=\"(max-width: 1024px) 100vw, 1024px\" \/><\/div><\/div><\/div><\/div><\/div><\/div><\/div><div class=\"vc_col-sm-6 wpb_column vc_column_container\"><div class=\"vc_column-inner\"><div class=\"g-cols wpb_row offset_small valign_middle vc_inner \"><div class=\"vc_col-sm-12 wpb_column vc_column_container\"><div class=\"vc_column-inner\"><div class=\"wpb_text_column \"><div class=\"wpb_wrapper\">\n<h4>Prise de rendez-vous, vous avez des questions ?<\/h4>\n<div>Vous pouvez me joindre par Email , t\u00e9l\u00e9phone, ou SMS ou par le formulaire ci dessous. N&rsquo;h\u00e9sitez pas \u00e0 m&rsquo;appeler pour toute question<\/div>\n<\/div> <\/div> <div class=\"w-separator type_invisible size_medium thick_1 style_solid color_border cont_none\"><span class=\"w-separator-h\"><\/span><\/div><div class=\"w-form for_cform align_left\" id=\"us_form_1\">\n\t<form class=\"w-form-h\" autocomplete=\"off\" action=\"https:\/\/www.jjrichet.com\/index.php?rest_route=%2Fwp%2Fv2%2Fpages%2F1437\" method=\"post\">\n\t\t\t\t\t\t\t<div class=\"w-form-row for_name required\">\n\t<div class=\"w-form-row-label\">\n\t\t<label for=\"us_form_1_name\"><\/label>\n\t<\/div>\n\t<div class=\"w-form-row-field\">\n\t\t\t\t<input type=\"text\" name=\"name\" id=\"us_form_1_name\" value=\"\"\n\t\t       placeholder=\"Nom *\" data-required=\"true\" aria-required=\"true\"\/>\n\t\t<span class=\"w-form-row-field-bar\"><\/span>\n\t\t\t<\/div>\n\t<div class=\"w-form-row-state\"><\/div>\n\t<\/div>\n\t\t\t\t\t<div class=\"w-form-row for_email required\">\n\t<div class=\"w-form-row-label\">\n\t\t<label for=\"us_form_1_email\"><\/label>\n\t<\/div>\n\t<div class=\"w-form-row-field\">\n\t\t\t\t<input type=\"email\" name=\"email\" id=\"us_form_1_email\" value=\"\"\n\t\t       placeholder=\"Email *\" data-required=\"true\" aria-required=\"true\"\/>\n\t\t<span class=\"w-form-row-field-bar\"><\/span>\n\t\t\t<\/div>\n\t<div class=\"w-form-row-state\"><\/div>\n\t<\/div>\n\t\t\t\t\t<div class=\"w-form-row for_phone\">\n\t<div class=\"w-form-row-label\">\n\t\t<label for=\"us_form_1_phone\"><\/label>\n\t<\/div>\n\t<div class=\"w-form-row-field\">\n\t\t\t\t<input type=\"text\" name=\"phone\" id=\"us_form_1_phone\" value=\"\"\n\t\t       placeholder=\"Num\u00e9ro de t\u00e9l\u00e9phone\"\/>\n\t\t<span class=\"w-form-row-field-bar\"><\/span>\n\t\t\t<\/div>\n\t<div class=\"w-form-row-state\"><\/div>\n\t<\/div>\n\t\t\t\t\t<div class=\"w-form-row for_message required\">\n\t<div class=\"w-form-row-label\">\n\t\t<label for=\"us_form_1_message\"><\/label>\n\t<\/div>\n\t<div class=\"w-form-row-field\">\n\t\t\t\t<textarea name=\"message\" id=\"us_form_1_message\" cols=\"30\" rows=\"10\" placeholder=\"Message *\"\n\t\t\t data-required=\"true\" aria-required=\"true\"><\/textarea>\n\t\t<span class=\"w-form-row-field-bar\"><\/span>\n\t\t\t<\/div>\n\t<div class=\"w-form-row-state\"><\/div>\n\t<\/div>\n\t\t\t\t\t<div class=\"w-form-row for_captcha required\">\n\t<div class=\"w-form-row-label\">\n\t\t<label for=\"us_form_1_captcha\">Prouvez que vous \u00eates un \u00eatre humain, en r\u00e9solvant l'\u00e9quation, s'il vous pla\u00eet: <span>16 + 14 = ?<\/span><\/label>\n\t<\/div>\n\t<div class=\"w-form-row-field\">\n\t\t\t\t<input type=\"hidden\" name=\"captcha_hash\" value=\"9c0fd39bb6c5b5faca5c2e789d568528\"\/>\n\t\t<input type=\"text\" name=\"captcha\" id=\"us_form_1_captcha\" value=\"\"\n\t\t       data-required=\"1\" placeholder=\"\" aria-required=\"true\" \/>\n\t\t<span class=\"w-form-row-field-bar\"><\/span>\n\t\t\t<\/div>\n\t<div class=\"w-form-row-state\"><\/div>\n\t<\/div>\n\t\t\t\t\t<input type=\"hidden\" name=\"action\" value=\"us_ajax_cform\"\/>\n\t\t\t\t\t<input type=\"hidden\" name=\"post_id\" value=\"1437\"\/>\n\t\t\t\t\t<input type=\"hidden\" name=\"form_index\" value=\"1\"\/>\n\t\t\t\t\t<div class=\"w-form-row for_submit\">\n\t<div class=\"w-form-row-field\">\n\t\t<button class=\"w-btn size_15px color_primary style_outlined\" type=\"submit\"><span class=\"g-preloader type_1\"><\/span><span class=\"w-btn-label\">Envoyer le message<\/span><\/button>\n\t<\/div>\n<\/div>\n\t\t\t\t<div class=\"w-form-message\"><\/div>\n\t\t\t<\/form>\n\t\t\t<div class=\"w-form-json hidden\" onclick='return {&quot;ajaxurl&quot;:&quot;https:\\\/\\\/www.jjrichet.com\\\/wp-admin\\\/admin-ajax.php&quot;,&quot;success&quot;:&quot;Merci ! Votre message vient d&#039;\\u00eatre envoy\\u00e9&quot;,&quot;errors&quot;:{&quot;name&quot;:&quot;Saisir votre nom, s&#039;il vous pla\\u00eet&quot;,&quot;email&quot;:&quot;Saisir votre email, s&#039;il vous pla\\u00eet&quot;,&quot;phone&quot;:&quot;Saisir votre num\\u00e9ro de t\\u00e9l\\u00e9phone, s&#039;il vous pla\\u00eet&quot;,&quot;message&quot;:&quot;Saisir votre message, s&#039;il vous pla\\u00eet&quot;,&quot;captcha&quot;:&quot;Saisir le r\\u00e9sultat de l\\u2019\\u00e9quation, s&#039;il vous pla\\u00eet&quot;}}'><\/div>\n\t<\/div>\n<\/div><\/div><\/div><\/div><\/div><\/div><\/div><\/section><section class=\"l-section wpb_row height_medium\"><div class=\"l-section-h i-cf\"><div class=\"g-cols offset_small\"><div class=\"vc_col-sm-6 wpb_column vc_column_container\"><div class=\"vc_column-inner\"><\/div><\/div><div class=\"vc_col-sm-6 wpb_column vc_column_container\"><div class=\"vc_column-inner\"><\/div><\/div><\/div><\/div><\/section><section class=\"l-section wpb_row height_auto width_full\"><div class=\"l-section-h i-cf\"><div class=\"g-cols offset_small\"><div class=\"vc_col-sm-12 wpb_column vc_column_container\"><div class=\"vc_column-inner\"><div class=\"wpb_text_column \"><div class=\"wpb_wrapper\"><iframe loading=\"lazy\" style=\"border: 0;\" src=\"https:\/\/www.google.com\/maps\/embed?pb=!1m18!1m12!1m3!1d2815.4865692413773!2d5.5863257!3d45.116475!2m3!1f0!2f0!3f0!3m2!1i1024!2i768!4f13.1!3m3!1m2!1s0x478a925cd1be679f%3A0xddfce6724fc8b12a!2s145%20Chem.%20des%20Cl%C3%A9ments%2C%2038250%20Lans-en-Vercors!5e0!3m2!1sfr!2sfr!4v1664816195218!5m2!1sfr!2sfr\" width=\"1904\" height=\"400\" allowfullscreen=\"allowfullscreen\"><\/iframe><\/div> <\/div> <\/div><\/div><\/div><\/div><\/section>\n","protected":false},"excerpt":{"rendered":"CONTACTEZ MOI Informations 145 chemin des Clements Lans en Vercors0630139416jj.richet@gmail.com Prise de rendez-vous, vous avez des questions ? Vous pouvez me joindre par Email , t\u00e9l\u00e9phone, ou SMS ou par...","protected":false},"author":1,"featured_media":0,"parent":0,"menu_order":0,"comment_status":"closed","ping_status":"closed","template":"","meta":{"footnotes":""},"class_list":["post-1437","page","type-page","status-publish","hentry"],"yoast_head":"<!-- This site is optimized with the Yoast SEO plugin v26.6 - https:\/\/yoast.com\/wordpress\/plugins\/seo\/ -->\n<title>Contact -<\/title>\n<meta name=\"robots\" content=\"index, follow, max-snippet:-1, max-image-preview:large, max-video-preview:-1\" \/>\n<link rel=\"canonical\" href=\"https:\/\/www.jjrichet.com\/?page_id=1437\" \/>\n<meta property=\"og:locale\" content=\"fr_FR\" \/>\n<meta property=\"og:type\" content=\"article\" \/>\n<meta property=\"og:title\" content=\"Contact -\" \/>\n<meta property=\"og:url\" content=\"https:\/\/www.jjrichet.com\/?page_id=1437\" \/>\n<meta property=\"article:modified_time\" content=\"2022-10-03T16:57:09+00:00\" \/>\n<meta name=\"twitter:card\" content=\"summary_large_image\" \/>\n<meta name=\"twitter:label1\" content=\"Dur\u00e9e de lecture estim\u00e9e\" \/>\n\t<meta name=\"twitter:data1\" content=\"1 minute\" \/>\n<script type=\"application\/ld+json\" class=\"yoast-schema-graph\">{\"@context\":\"https:\/\/schema.org\",\"@graph\":[{\"@type\":\"WebPage\",\"@id\":\"https:\/\/www.jjrichet.com\/?page_id=1437\",\"url\":\"https:\/\/www.jjrichet.com\/?page_id=1437\",\"name\":\"Contact -\",\"isPartOf\":{\"@id\":\"https:\/\/www.jjrichet.com\/#website\"},\"datePublished\":\"2013-09-06T15:19:20+00:00\",\"dateModified\":\"2022-10-03T16:57:09+00:00\",\"breadcrumb\":{\"@id\":\"https:\/\/www.jjrichet.com\/?page_id=1437#breadcrumb\"},\"inLanguage\":\"fr-FR\",\"potentialAction\":[{\"@type\":\"ReadAction\",\"target\":[\"https:\/\/www.jjrichet.com\/?page_id=1437\"]}]},{\"@type\":\"BreadcrumbList\",\"@id\":\"https:\/\/www.jjrichet.com\/?page_id=1437#breadcrumb\",\"itemListElement\":[{\"@type\":\"ListItem\",\"position\":1,\"name\":\"Accueil\",\"item\":\"https:\/\/www.jjrichet.com\/\"},{\"@type\":\"ListItem\",\"position\":2,\"name\":\"Contact\"}]},{\"@type\":\"WebSite\",\"@id\":\"https:\/\/www.jjrichet.com\/#website\",\"url\":\"https:\/\/www.jjrichet.com\/\",\"name\":\"\",\"description\":\"\",\"potentialAction\":[{\"@type\":\"SearchAction\",\"target\":{\"@type\":\"EntryPoint\",\"urlTemplate\":\"https:\/\/www.jjrichet.com\/?s={search_term_string}\"},\"query-input\":{\"@type\":\"PropertyValueSpecification\",\"valueRequired\":true,\"valueName\":\"search_term_string\"}}],\"inLanguage\":\"fr-FR\"}]}<\/script>\n<!-- \/ Yoast SEO plugin. -->","yoast_head_json":{"title":"Contact -","robots":{"index":"index","follow":"follow","max-snippet":"max-snippet:-1","max-image-preview":"max-image-preview:large","max-video-preview":"max-video-preview:-1"},"canonical":"https:\/\/www.jjrichet.com\/?page_id=1437","og_locale":"fr_FR","og_type":"article","og_title":"Contact -","og_url":"https:\/\/www.jjrichet.com\/?page_id=1437","article_modified_time":"2022-10-03T16:57:09+00:00","twitter_card":"summary_large_image","twitter_misc":{"Dur\u00e9e de lecture estim\u00e9e":"1 minute"},"schema":{"@context":"https:\/\/schema.org","@graph":[{"@type":"WebPage","@id":"https:\/\/www.jjrichet.com\/?page_id=1437","url":"https:\/\/www.jjrichet.com\/?page_id=1437","name":"Contact -","isPartOf":{"@id":"https:\/\/www.jjrichet.com\/#website"},"datePublished":"2013-09-06T15:19:20+00:00","dateModified":"2022-10-03T16:57:09+00:00","breadcrumb":{"@id":"https:\/\/www.jjrichet.com\/?page_id=1437#breadcrumb"},"inLanguage":"fr-FR","potentialAction":[{"@type":"ReadAction","target":["https:\/\/www.jjrichet.com\/?page_id=1437"]}]},{"@type":"BreadcrumbList","@id":"https:\/\/www.jjrichet.com\/?page_id=1437#breadcrumb","itemListElement":[{"@type":"ListItem","position":1,"name":"Accueil","item":"https:\/\/www.jjrichet.com\/"},{"@type":"ListItem","position":2,"name":"Contact"}]},{"@type":"WebSite","@id":"https:\/\/www.jjrichet.com\/#website","url":"https:\/\/www.jjrichet.com\/","name":"","description":"","potentialAction":[{"@type":"SearchAction","target":{"@type":"EntryPoint","urlTemplate":"https:\/\/www.jjrichet.com\/?s={search_term_string}"},"query-input":{"@type":"PropertyValueSpecification","valueRequired":true,"valueName":"search_term_string"}}],"inLanguage":"fr-FR"}]}},"_links":{"self":[{"href":"https:\/\/www.jjrichet.com\/index.php?rest_route=\/wp\/v2\/pages\/1437","targetHints":{"allow":["GET"]}}],"collection":[{"href":"https:\/\/www.jjrichet.com\/index.php?rest_route=\/wp\/v2\/pages"}],"about":[{"href":"https:\/\/www.jjrichet.com\/index.php?rest_route=\/wp\/v2\/types\/page"}],"author":[{"embeddable":true,"href":"https:\/\/www.jjrichet.com\/index.php?rest_route=\/wp\/v2\/users\/1"}],"replies":[{"embeddable":true,"href":"https:\/\/www.jjrichet.com\/index.php?rest_route=%2Fwp%2Fv2%2Fcomments&post=1437"}],"version-history":[{"count":12,"href":"https:\/\/www.jjrichet.com\/index.php?rest_route=\/wp\/v2\/pages\/1437\/revisions"}],"predecessor-version":[{"id":5251,"href":"https:\/\/www.jjrichet.com\/index.php?rest_route=\/wp\/v2\/pages\/1437\/revisions\/5251"}],"wp:attachment":[{"href":"https:\/\/www.jjrichet.com\/index.php?rest_route=%2Fwp%2Fv2%2Fmedia&parent=1437"}],"curies":[{"name":"wp","href":"https:\/\/api.w.org\/{rel}","templated":true}]}}