{"id":2565,"date":"2013-12-17T09:39:11","date_gmt":"2013-12-17T08:39:11","guid":{"rendered":"http:\/\/impreza.us-themes.net\/?page_id=2565"},"modified":"2022-04-13T16:53:35","modified_gmt":"2022-04-13T14:53:35","slug":"propos","status":"publish","type":"page","link":"https:\/\/www.jjrichet.com\/?page_id=2565","title":{"rendered":"A propos"},"content":{"rendered":"<section class=\"l-section wpb_row height_medium color_primary with_img\"><div class=\"l-section-img\" style=\"background-image: url(https:\/\/www.jjrichet.com\/wp-content\/uploads\/2021\/03\/illustration_nature_egal_futur.jpg);\" data-img-width=\"1920\" data-img-height=\"560\"><\/div><div class=\"l-section-h i-cf\"><div class=\"g-cols offset_small\"><div class=\"vc_col-sm-12 wpb_column vc_column_container\"><div class=\"vc_column-inner\"><div class=\"w-separator type_invisible size_huge thick_1 style_solid color_border cont_none\"><span class=\"w-separator-h\"><\/span><\/div><div class=\"w-separator type_invisible size_huge thick_1 style_solid color_border cont_none\"><span class=\"w-separator-h\"><\/span><\/div><div class=\"wpb_text_column \"><div class=\"wpb_wrapper\">\n<h1 style=\"text-align: center;\">QUI SUIS-JE ?<\/h1>\n<\/div> <\/div> <div class=\"w-separator type_invisible size_huge thick_1 style_solid color_border cont_none\"><span class=\"w-separator-h\"><\/span><\/div><div class=\"w-separator type_invisible size_huge thick_1 style_solid color_border cont_none\"><span class=\"w-separator-h\"><\/span><\/div><\/div><\/div><\/div><\/div><\/section><section class=\"l-section wpb_row height_medium\"><div class=\"l-section-h i-cf\"><div class=\"g-cols offset_small\"><div class=\"vc_col-sm-6 wpb_column vc_column_container animate_afl\"><div class=\"vc_column-inner\"><div class=\"wpb_text_column \"><div class=\"wpb_wrapper\">\n<h2>Jean-Jacques Richet<\/h2>\n<h5>Kin\u00e9siologue<\/h5>\n<p class=\"font_7\"><span class=\"color_15\">J&rsquo;ai fait une carri\u00e8re d&rsquo;une dizaine de m\u00e9tiers pour l&rsquo;industrie\u00a0 au sein de grosses et petites entreprises de postes techniques ou de direction.<\/span><\/p>\n<p class=\"font_7\"><span class=\"color_15\">A la fin seuls les hommes et les femmes autour de moi \u00e9veillaient\u00a0mon int\u00e9r\u00eat.<br \/>\n<\/span><span class=\"color_15\">J&rsquo;ai alors \u00e9t\u00e9 aid\u00e9 pour respecter mes nouvelles aspirations, <\/span><span class=\"color_15\">depuis je me consacre \u00e0 vous aider \u00e0 r\u00e9aliser les v\u00f4tres<\/span><\/p>\n<p>Je me suis form\u00e9 et suis dipl\u00f4m\u00e9 en Kin\u00e9siologie \u00e0 l&rsquo;\u00e9cole Korevie agr\u00e9\u00e9e par la F\u00e9d\u00e9ration Fran\u00e7aise de Kin\u00e9siologie, \u00e0 la m\u00e9decine chinoise et osteo \u00e9nerg\u00e9tique\u00a0 ( m\u00e9thode Poyet\/Marchandise)\u00a0 au CETME 74, REIKI Usui niveau 3, Coh\u00e9rence cardiaque par Dr David O&rsquo;Hare &#8230;<\/div> <\/div> <div class=\"w-separator type_invisible size_medium thick_1 style_solid color_border cont_none\"><span class=\"w-separator-h\"><\/span><\/div><\/div><\/div><div class=\"vc_col-sm-6 wpb_column vc_column_container animate_afr\"><div class=\"vc_column-inner\"><div class=\"w-image animate_afr d2\"><div class=\"us-frame\"><img decoding=\"async\" width=\"446\" height=\"518\" src=\"https:\/\/www.jjrichet.com\/wp-content\/uploads\/2021\/03\/portrait.jpg\" class=\"attachment-full size-full\" alt=\"\" srcset=\"https:\/\/www.jjrichet.com\/wp-content\/uploads\/2021\/03\/portrait.jpg 446w, https:\/\/www.jjrichet.com\/wp-content\/uploads\/2021\/03\/portrait-258x300.jpg 258w\" sizes=\"(max-width: 446px) 100vw, 446px\" \/><\/div><\/div><\/div><\/div><\/div><\/div><\/section><section class=\"l-section wpb_row height_medium color_alternate\"><div class=\"l-section-h i-cf\"><div class=\"g-cols offset_small\"><div class=\"vc_col-sm-12 wpb_column vc_column_container\"><div class=\"vc_column-inner\"><div class=\"wpb_text_column \"><div class=\"wpb_wrapper\">\n<h3 style=\"text-align: center;\">T\u00e9moignages<\/h3>\n<\/div> <\/div> <div class=\"w-separator type_short size_small thick_1 style_solid color_border cont_icon\"><span class=\"w-separator-h\"><i class=\"fa fa-star\"><\/i><\/span><\/div><div class=\"g-cols wpb_row offset_small vc_inner \"><div class=\"vc_col-sm-12 wpb_column vc_column_container\"><div class=\"vc_column-inner\"><div id=\"ult-carousel-140907506969e0616b826d2\" class=\"ult-carousel-wrapper   ult_horizontal\" data-gutter=\"15\" data-rtl=\"false\" ><div class=\"ult-carousel-168293591069e0616b826bd \" ><div class=\"ult-item-wrap\" data-animation=\"animated no-animation\"><div class=\"w-testimonial style_4\"><blockquote><div class=\"w-testimonial-text\">Tr\u00e8s bonne exp\u00e9rience avec Jean Jacques qui permet d\u2019explorer et d\u2019\u00e9couter son corps . Ne connaissant pas la kinesio \u00e0 l\u2019origine il m\u2019a d\u00e9montr\u00e9 que les maux du corps exprimaient les maux de l\u2019esprit . Il m\u2019a permis de d\u00e9bloquer ma situation par la mise au travail de celle ci . Il prend le temps n\u00e9cessaire et explique tr\u00e8s bien la d\u00e9marche .<\/div><div class=\"w-testimonial-person\"><span class=\"w-testimonial-person-name\"><span>Lora.K<\/span><\/span><\/div><\/blockquote><\/div><\/div><div class=\"ult-item-wrap\" data-animation=\"animated no-animation\"><div class=\"w-testimonial style_4\"><blockquote><div class=\"w-testimonial-text\">J\u2019ai vraiment aim\u00e9 cette s\u00e9ance elle \u00e9tait enrichissante et m\u2019a apport\u00e9 beaucoup de r\u00e9ponses aux questions que je me posais . Merci du professionnalisme et de l\u2019int\u00e9r\u00eat que vous portez \u00e0 vos patients.<\/div><div class=\"w-testimonial-person\"><span class=\"w-testimonial-person-name\"><span>Medhi<\/span><\/span><\/div><\/blockquote><\/div><\/div><div class=\"ult-item-wrap\" data-animation=\"animated no-animation\"><div class=\"w-testimonial style_4\"><blockquote><div class=\"w-testimonial-text\">J&rsquo;\u00e9tais \u00e0 la recherche de sens dans mon travail depuis plusieurs mois sans pour autant mettre l&rsquo;\u00e9nergie n\u00e9cessaire pour le trouver. Petit \u00e0 petit, j&rsquo;ai perdu le moral. Et puis en Janvier 2020, mon corps s&rsquo;est charg\u00e9 de m\u2019alerter\u2026 sans \u00e9nergie, une envie constante de pleurer, comme un burn-out. Perdu, j\u2019ai fait appel \u00e0 Jean-Jacques pour m\u2019aider \u00e0 comprendre ce qui m&rsquo;arrivait et trouver la voie pour avancer. Ce travail sur moi m&rsquo;a permis d&rsquo;apprendre \u00e0 mieux me conna\u00eetre, \u00e0 me lib\u00e9rer de ce qui me retenait dans mon travail (relations toxiques, peur de l\u2019inconnu, manque de confiance en moi etc.). J\u2019ai pu tourner la page et avancer vers plus de sens. J\u2019ai trouv\u00e9 mon nouvel emploi en Ao\u00fbt dans une soci\u00e9t\u00e9 ax\u00e9e sur le d\u00e9veloppement durable dans laquelle je m\u2019\u00e9panouie. Ces s\u00e9ances m\u2019ont permis de r\u00e9soudre une probl\u00e9matique et m\u2019ont appris \u00e0 \u00eatre plus vigilante \u00e0 l\u2019\u00e9coute de mon corps.<\/div><div class=\"w-testimonial-person\"><span class=\"w-testimonial-person-name\"><span>Chlo\u00e9.R<\/span><\/span><\/div><\/blockquote><\/div><\/div><\/div><\/div>\t\t\t<script type=\"text\/javascript\">\n\t\t\t\tjQuery(document).ready(function ($) {\n\t\t\t\t\tif( typeof jQuery('.ult-carousel-168293591069e0616b826bd').slick == \"function\"){\n\t\t\t\t\t\t$('.ult-carousel-168293591069e0616b826bd').slick({dots: true,autoplay: true,autoplaySpeed: 5000,speed: 300,infinite: true,arrows: false,slidesToScroll:1,slidesToShow:2,swipe: true,draggable: true,touchMove: true,pauseOnHover: true,pauseOnFocus: false,responsive: [\n\t\t\t\t\t\t\t{\n\t\t\t\t\t\t\t  breakpoint: 1026,\n\t\t\t\t\t\t\t  settings: {\n\t\t\t\t\t\t\t\tslidesToShow: 2,\n\t\t\t\t\t\t\t\tslidesToScroll: 1,  \n\t\t\t\t\t\t\t  }\n\t\t\t\t\t\t\t},\n\t\t\t\t\t\t\t{\n\t\t\t\t\t\t\t  breakpoint: 1025,\n\t\t\t\t\t\t\t  settings: {\n\t\t\t\t\t\t\t\tslidesToShow: 2,\n\t\t\t\t\t\t\t\tslidesToScroll: 1\n\t\t\t\t\t\t\t  }\n\t\t\t\t\t\t\t},\n\t\t\t\t\t\t\t{\n\t\t\t\t\t\t\t  breakpoint: 760,\n\t\t\t\t\t\t\t  settings: {\n\t\t\t\t\t\t\t\tslidesToShow: 1,\n\t\t\t\t\t\t\t\tslidesToScroll: 1\n\t\t\t\t\t\t\t  }\n\t\t\t\t\t\t\t}\n\t\t\t\t\t\t],pauseOnDotsHover: true,customPaging: function(slider, i) {\n                   return '<i type=\"button\" style= \"color:#333333;\" class=\"ultsl-record\" data-role=\"none\"><\/i>';\n                },});\n\t\t\t\t\t}\n\t\t\t\t});\n\t\t\t<\/script>\n\t\t\t<\/div><\/div><\/div><\/div><\/div><\/div><\/div><\/section><section class=\"l-section wpb_row height_medium color_primary with_img\"><div class=\"l-section-img\" style=\"background-image: url(https:\/\/www.jjrichet.com\/wp-content\/uploads\/2021\/03\/lukasz-szmigiel-jfcviyfycus-unsplash.jpg);background-position: bottom center;\" data-img-width=\"1060\" data-img-height=\"523\"><\/div><div class=\"l-section-h i-cf\"><div class=\"g-cols offset_small\"><div class=\"vc_col-sm-12 wpb_column vc_column_container\"><div class=\"vc_column-inner\"><div class=\"wpb_text_column \"><div class=\"wpb_wrapper\">\n<h3 style=\"text-align: center;\">ME JOINDRE<\/h3>\n<\/div> <\/div> <div class=\"w-btn-wrapper align_center\"><a class=\"w-btn style_outlined color_white icon_none\" href=\"https:\/\/www.jjrichet.com\/?page_id=1437\"><span class=\"w-btn-label\">CONTACT<\/span><\/a><\/div><\/div><\/div><\/div><\/div><\/section>\n","protected":false},"excerpt":{"rendered":"QUI SUIS-JE ? Jean-Jacques Richet Kin\u00e9siologue J'ai fait une carri\u00e8re d'une dizaine de m\u00e9tiers pour l'industrie\u00a0 au sein de grosses et petites entreprises de postes techniques ou de direction. A...","protected":false},"author":1,"featured_media":0,"parent":0,"menu_order":0,"comment_status":"closed","ping_status":"closed","template":"","meta":{"footnotes":""},"class_list":["post-2565","page","type-page","status-publish","hentry"],"yoast_head":"<!-- This site is optimized with the Yoast SEO plugin v26.6 - https:\/\/yoast.com\/wordpress\/plugins\/seo\/ -->\n<title>A propos -<\/title>\n<meta name=\"robots\" content=\"index, follow, max-snippet:-1, max-image-preview:large, max-video-preview:-1\" \/>\n<link rel=\"canonical\" href=\"https:\/\/www.jjrichet.com\/?page_id=2565\" \/>\n<meta property=\"og:locale\" content=\"fr_FR\" \/>\n<meta property=\"og:type\" content=\"article\" \/>\n<meta property=\"og:title\" content=\"A propos -\" \/>\n<meta property=\"og:url\" content=\"https:\/\/www.jjrichet.com\/?page_id=2565\" \/>\n<meta property=\"article:modified_time\" content=\"2022-04-13T14:53:35+00:00\" \/>\n<meta name=\"twitter:card\" content=\"summary_large_image\" \/>\n<meta name=\"twitter:label1\" content=\"Dur\u00e9e de lecture estim\u00e9e\" \/>\n\t<meta name=\"twitter:data1\" content=\"3 minutes\" \/>\n<script type=\"application\/ld+json\" class=\"yoast-schema-graph\">{\"@context\":\"https:\/\/schema.org\",\"@graph\":[{\"@type\":\"WebPage\",\"@id\":\"https:\/\/www.jjrichet.com\/?page_id=2565\",\"url\":\"https:\/\/www.jjrichet.com\/?page_id=2565\",\"name\":\"A propos -\",\"isPartOf\":{\"@id\":\"https:\/\/www.jjrichet.com\/#website\"},\"datePublished\":\"2013-12-17T08:39:11+00:00\",\"dateModified\":\"2022-04-13T14:53:35+00:00\",\"breadcrumb\":{\"@id\":\"https:\/\/www.jjrichet.com\/?page_id=2565#breadcrumb\"},\"inLanguage\":\"fr-FR\",\"potentialAction\":[{\"@type\":\"ReadAction\",\"target\":[\"https:\/\/www.jjrichet.com\/?page_id=2565\"]}]},{\"@type\":\"BreadcrumbList\",\"@id\":\"https:\/\/www.jjrichet.com\/?page_id=2565#breadcrumb\",\"itemListElement\":[{\"@type\":\"ListItem\",\"position\":1,\"name\":\"Accueil\",\"item\":\"https:\/\/www.jjrichet.com\/\"},{\"@type\":\"ListItem\",\"position\":2,\"name\":\"A propos\"}]},{\"@type\":\"WebSite\",\"@id\":\"https:\/\/www.jjrichet.com\/#website\",\"url\":\"https:\/\/www.jjrichet.com\/\",\"name\":\"\",\"description\":\"\",\"potentialAction\":[{\"@type\":\"SearchAction\",\"target\":{\"@type\":\"EntryPoint\",\"urlTemplate\":\"https:\/\/www.jjrichet.com\/?s={search_term_string}\"},\"query-input\":{\"@type\":\"PropertyValueSpecification\",\"valueRequired\":true,\"valueName\":\"search_term_string\"}}],\"inLanguage\":\"fr-FR\"}]}<\/script>\n<!-- \/ Yoast SEO plugin. -->","yoast_head_json":{"title":"A propos -","robots":{"index":"index","follow":"follow","max-snippet":"max-snippet:-1","max-image-preview":"max-image-preview:large","max-video-preview":"max-video-preview:-1"},"canonical":"https:\/\/www.jjrichet.com\/?page_id=2565","og_locale":"fr_FR","og_type":"article","og_title":"A propos -","og_url":"https:\/\/www.jjrichet.com\/?page_id=2565","article_modified_time":"2022-04-13T14:53:35+00:00","twitter_card":"summary_large_image","twitter_misc":{"Dur\u00e9e de lecture estim\u00e9e":"3 minutes"},"schema":{"@context":"https:\/\/schema.org","@graph":[{"@type":"WebPage","@id":"https:\/\/www.jjrichet.com\/?page_id=2565","url":"https:\/\/www.jjrichet.com\/?page_id=2565","name":"A propos -","isPartOf":{"@id":"https:\/\/www.jjrichet.com\/#website"},"datePublished":"2013-12-17T08:39:11+00:00","dateModified":"2022-04-13T14:53:35+00:00","breadcrumb":{"@id":"https:\/\/www.jjrichet.com\/?page_id=2565#breadcrumb"},"inLanguage":"fr-FR","potentialAction":[{"@type":"ReadAction","target":["https:\/\/www.jjrichet.com\/?page_id=2565"]}]},{"@type":"BreadcrumbList","@id":"https:\/\/www.jjrichet.com\/?page_id=2565#breadcrumb","itemListElement":[{"@type":"ListItem","position":1,"name":"Accueil","item":"https:\/\/www.jjrichet.com\/"},{"@type":"ListItem","position":2,"name":"A propos"}]},{"@type":"WebSite","@id":"https:\/\/www.jjrichet.com\/#website","url":"https:\/\/www.jjrichet.com\/","name":"","description":"","potentialAction":[{"@type":"SearchAction","target":{"@type":"EntryPoint","urlTemplate":"https:\/\/www.jjrichet.com\/?s={search_term_string}"},"query-input":{"@type":"PropertyValueSpecification","valueRequired":true,"valueName":"search_term_string"}}],"inLanguage":"fr-FR"}]}},"_links":{"self":[{"href":"https:\/\/www.jjrichet.com\/index.php?rest_route=\/wp\/v2\/pages\/2565","targetHints":{"allow":["GET"]}}],"collection":[{"href":"https:\/\/www.jjrichet.com\/index.php?rest_route=\/wp\/v2\/pages"}],"about":[{"href":"https:\/\/www.jjrichet.com\/index.php?rest_route=\/wp\/v2\/types\/page"}],"author":[{"embeddable":true,"href":"https:\/\/www.jjrichet.com\/index.php?rest_route=\/wp\/v2\/users\/1"}],"replies":[{"embeddable":true,"href":"https:\/\/www.jjrichet.com\/index.php?rest_route=%2Fwp%2Fv2%2Fcomments&post=2565"}],"version-history":[{"count":5,"href":"https:\/\/www.jjrichet.com\/index.php?rest_route=\/wp\/v2\/pages\/2565\/revisions"}],"predecessor-version":[{"id":5228,"href":"https:\/\/www.jjrichet.com\/index.php?rest_route=\/wp\/v2\/pages\/2565\/revisions\/5228"}],"wp:attachment":[{"href":"https:\/\/www.jjrichet.com\/index.php?rest_route=%2Fwp%2Fv2%2Fmedia&parent=2565"}],"curies":[{"name":"wp","href":"https:\/\/api.w.org\/{rel}","templated":true}]}}