{"id":5062,"date":"2021-03-24T15:29:15","date_gmt":"2021-03-24T14:29:15","guid":{"rendered":"https:\/\/jjrichet.fr\/?page_id=5062"},"modified":"2022-04-13T17:02:09","modified_gmt":"2022-04-13T15:02:09","slug":"accueil","status":"publish","type":"page","link":"https:\/\/www.jjrichet.com\/","title":{"rendered":"Accueil"},"content":{"rendered":"<section class=\"l-section wpb_row height_full valign_center\"><div class=\"l-section-h i-cf\"><div class=\"g-cols offset_small\"><div class=\"vc_col-sm-12 wpb_column vc_column_container animate_afc d2\"><div class=\"vc_column-inner\"><div class=\"w-image align_center\"><div class=\"us-frame\"><img decoding=\"async\" width=\"627\" height=\"139\" src=\"https:\/\/www.jjrichet.com\/wp-content\/uploads\/2021\/04\/slider-3.png\" class=\"attachment-large size-large\" alt=\"\" srcset=\"https:\/\/www.jjrichet.com\/wp-content\/uploads\/2021\/04\/slider-3.png 627w, https:\/\/www.jjrichet.com\/wp-content\/uploads\/2021\/04\/slider-3-300x67.png 300w, https:\/\/www.jjrichet.com\/wp-content\/uploads\/2021\/04\/slider-3-600x133.png 600w\" sizes=\"(max-width: 627px) 100vw, 627px\" \/><\/div><\/div><\/div><\/div><\/div><\/div><\/section><!-- Row Backgrounds --><div class=\"upb_bg_img\" data-ultimate-bg=\"url(https:\/\/www.jjrichet.com\/wp-content\/uploads\/2021\/03\/fond.jpg)\" data-image-id=\"id^5125|url^https:\/\/www.jjrichet.com\/wp-content\/uploads\/2021\/03\/fond.jpg|caption^null|alt^null|title^fond|description^null\" data-ultimate-bg-style=\"vcpb-default\" data-bg-img-repeat=\"no-repeat\" data-bg-img-size=\"cover\" data-bg-img-position=\"\" data-parallx_sense=\"30\" data-bg-override=\"0\" data-bg_img_attach=\"scroll\" data-upb-overlay-color=\"\" data-upb-bg-animation=\"\" data-fadeout=\"\" data-bg-animation=\"left-animation\" data-bg-animation-type=\"h\" data-animation-repeat=\"repeat\" data-fadeout-percentage=\"30\" data-parallax-content=\"\" data-parallax-content-sense=\"30\" data-row-effect-mobile-disable=\"true\" data-img-parallax-mobile-disable=\"true\" data-rtl=\"false\"  data-custom-vc-row=\"\"  data-vc=\"6.0.5\"  data-is_old_vc=\"\"  data-theme-support=\"\"   data-overlay=\"false\" data-overlay-color=\"\" data-overlay-pattern=\"\" data-overlay-pattern-opacity=\"\" data-overlay-pattern-size=\"\"    ><\/div><section class=\"l-section wpb_row height_medium\"><div class=\"l-section-h i-cf\"><div class=\"g-cols offset_small\"><div class=\"vc_col-sm-12 wpb_column vc_column_container\"><div class=\"vc_column-inner\">[vc_custom_heading text=\u00a0\u00bbBienvenue\u00a0\u00bb font_container=\u00a0\u00bbtag:h2|font_size:45px|text_align:center|line_height:10px\u00a0\u00bb]<\/div><\/div><\/div><\/div><\/section><section class=\"l-section wpb_row height_medium color_primary\"><div class=\"l-section-h i-cf\"><div class=\"g-cols offset_small\"><div class=\"vc_col-sm-12 wpb_column vc_column_container\"><div class=\"vc_column-inner\"><div class=\"w-actionbox color_primary controls_right\"><div class=\"w-actionbox-text\"><h3>ME JOINDRE<\/h3><p>Vous avez des questions ? Vous souhaitez prendre rendez-vous ?<\/p><\/div><div class=\"w-actionbox-controls\"><a class=\"w-btn color_white style_outlined icon_none\" href=\"https:\/\/www.jjrichet.com\/?page_id=1437\" style=\"font-size: 16px;\"><span class=\"w-btn-label\">CONTACT<\/span><\/a><\/div><\/div><\/div><\/div><\/div><\/div><\/section>\n","protected":false},"excerpt":{"rendered":"[vc_custom_heading text=\"Bienvenue\" font_container=\"tag:h2|font_size:45px|text_align:center|line_height:10px\"]ME JOINDREVous avez des questions ? Vous souhaitez prendre rendez-vous ?CONTACT","protected":false},"author":1,"featured_media":0,"parent":0,"menu_order":0,"comment_status":"closed","ping_status":"closed","template":"","meta":{"footnotes":""},"class_list":["post-5062","page","type-page","status-publish","hentry"],"yoast_head":"<!-- This site is optimized with the Yoast SEO plugin v26.6 - https:\/\/yoast.com\/wordpress\/plugins\/seo\/ -->\n<title>Kin\u00e9siologue \u00e0 Lans en Vercor<\/title>\n<meta name=\"description\" content=\"Jean-Jacques Richet votre Kin\u00e9siologue \u00e0 Lans en Vercor, consultation et prise de rendez-vous par t\u00e9l\u00e9phone ou sur notre site.\" \/>\n<meta name=\"robots\" content=\"index, follow, max-snippet:-1, max-image-preview:large, max-video-preview:-1\" \/>\n<link rel=\"canonical\" href=\"https:\/\/www.jjrichet.com\/\" \/>\n<meta property=\"og:locale\" content=\"fr_FR\" \/>\n<meta property=\"og:type\" content=\"article\" \/>\n<meta property=\"og:title\" content=\"Kin\u00e9siologue \u00e0 Lans en Vercor\" \/>\n<meta property=\"og:description\" content=\"Jean-Jacques Richet votre Kin\u00e9siologue \u00e0 Lans en Vercor, consultation et prise de rendez-vous par t\u00e9l\u00e9phone ou sur notre site.\" \/>\n<meta property=\"og:url\" content=\"https:\/\/www.jjrichet.com\/\" \/>\n<meta property=\"article:modified_time\" content=\"2022-04-13T15:02:09+00:00\" \/>\n<meta name=\"twitter:card\" content=\"summary_large_image\" \/>\n<meta name=\"twitter:label1\" content=\"Dur\u00e9e de lecture estim\u00e9e\" \/>\n\t<meta name=\"twitter:data1\" content=\"1 minute\" \/>\n<script type=\"application\/ld+json\" class=\"yoast-schema-graph\">{\"@context\":\"https:\/\/schema.org\",\"@graph\":[{\"@type\":\"WebPage\",\"@id\":\"https:\/\/www.jjrichet.com\/\",\"url\":\"https:\/\/www.jjrichet.com\/\",\"name\":\"Kin\u00e9siologue \u00e0 Lans en Vercor\",\"isPartOf\":{\"@id\":\"https:\/\/www.jjrichet.com\/#website\"},\"datePublished\":\"2021-03-24T14:29:15+00:00\",\"dateModified\":\"2022-04-13T15:02:09+00:00\",\"description\":\"Jean-Jacques Richet votre Kin\u00e9siologue \u00e0 Lans en Vercor, consultation et prise de rendez-vous par t\u00e9l\u00e9phone ou sur notre site.\",\"breadcrumb\":{\"@id\":\"https:\/\/www.jjrichet.com\/#breadcrumb\"},\"inLanguage\":\"fr-FR\",\"potentialAction\":[{\"@type\":\"ReadAction\",\"target\":[\"https:\/\/www.jjrichet.com\/\"]}]},{\"@type\":\"BreadcrumbList\",\"@id\":\"https:\/\/www.jjrichet.com\/#breadcrumb\",\"itemListElement\":[{\"@type\":\"ListItem\",\"position\":1,\"name\":\"Accueil\",\"item\":\"https:\/\/www.jjrichet.com\/\"},{\"@type\":\"ListItem\",\"position\":2,\"name\":\"Accueil\"}]},{\"@type\":\"WebSite\",\"@id\":\"https:\/\/www.jjrichet.com\/#website\",\"url\":\"https:\/\/www.jjrichet.com\/\",\"name\":\"\",\"description\":\"\",\"potentialAction\":[{\"@type\":\"SearchAction\",\"target\":{\"@type\":\"EntryPoint\",\"urlTemplate\":\"https:\/\/www.jjrichet.com\/?s={search_term_string}\"},\"query-input\":{\"@type\":\"PropertyValueSpecification\",\"valueRequired\":true,\"valueName\":\"search_term_string\"}}],\"inLanguage\":\"fr-FR\"}]}<\/script>\n<!-- \/ Yoast SEO plugin. -->","yoast_head_json":{"title":"Kin\u00e9siologue \u00e0 Lans en Vercor","description":"Jean-Jacques Richet votre Kin\u00e9siologue \u00e0 Lans en Vercor, consultation et prise de rendez-vous par t\u00e9l\u00e9phone ou sur notre site.","robots":{"index":"index","follow":"follow","max-snippet":"max-snippet:-1","max-image-preview":"max-image-preview:large","max-video-preview":"max-video-preview:-1"},"canonical":"https:\/\/www.jjrichet.com\/","og_locale":"fr_FR","og_type":"article","og_title":"Kin\u00e9siologue \u00e0 Lans en Vercor","og_description":"Jean-Jacques Richet votre Kin\u00e9siologue \u00e0 Lans en Vercor, consultation et prise de rendez-vous par t\u00e9l\u00e9phone ou sur notre site.","og_url":"https:\/\/www.jjrichet.com\/","article_modified_time":"2022-04-13T15:02:09+00:00","twitter_card":"summary_large_image","twitter_misc":{"Dur\u00e9e de lecture estim\u00e9e":"1 minute"},"schema":{"@context":"https:\/\/schema.org","@graph":[{"@type":"WebPage","@id":"https:\/\/www.jjrichet.com\/","url":"https:\/\/www.jjrichet.com\/","name":"Kin\u00e9siologue \u00e0 Lans en Vercor","isPartOf":{"@id":"https:\/\/www.jjrichet.com\/#website"},"datePublished":"2021-03-24T14:29:15+00:00","dateModified":"2022-04-13T15:02:09+00:00","description":"Jean-Jacques Richet votre Kin\u00e9siologue \u00e0 Lans en Vercor, consultation et prise de rendez-vous par t\u00e9l\u00e9phone ou sur notre site.","breadcrumb":{"@id":"https:\/\/www.jjrichet.com\/#breadcrumb"},"inLanguage":"fr-FR","potentialAction":[{"@type":"ReadAction","target":["https:\/\/www.jjrichet.com\/"]}]},{"@type":"BreadcrumbList","@id":"https:\/\/www.jjrichet.com\/#breadcrumb","itemListElement":[{"@type":"ListItem","position":1,"name":"Accueil","item":"https:\/\/www.jjrichet.com\/"},{"@type":"ListItem","position":2,"name":"Accueil"}]},{"@type":"WebSite","@id":"https:\/\/www.jjrichet.com\/#website","url":"https:\/\/www.jjrichet.com\/","name":"","description":"","potentialAction":[{"@type":"SearchAction","target":{"@type":"EntryPoint","urlTemplate":"https:\/\/www.jjrichet.com\/?s={search_term_string}"},"query-input":{"@type":"PropertyValueSpecification","valueRequired":true,"valueName":"search_term_string"}}],"inLanguage":"fr-FR"}]}},"_links":{"self":[{"href":"https:\/\/www.jjrichet.com\/index.php?rest_route=\/wp\/v2\/pages\/5062","targetHints":{"allow":["GET"]}}],"collection":[{"href":"https:\/\/www.jjrichet.com\/index.php?rest_route=\/wp\/v2\/pages"}],"about":[{"href":"https:\/\/www.jjrichet.com\/index.php?rest_route=\/wp\/v2\/types\/page"}],"author":[{"embeddable":true,"href":"https:\/\/www.jjrichet.com\/index.php?rest_route=\/wp\/v2\/users\/1"}],"replies":[{"embeddable":true,"href":"https:\/\/www.jjrichet.com\/index.php?rest_route=%2Fwp%2Fv2%2Fcomments&post=5062"}],"version-history":[{"count":6,"href":"https:\/\/www.jjrichet.com\/index.php?rest_route=\/wp\/v2\/pages\/5062\/revisions"}],"predecessor-version":[{"id":5224,"href":"https:\/\/www.jjrichet.com\/index.php?rest_route=\/wp\/v2\/pages\/5062\/revisions\/5224"}],"wp:attachment":[{"href":"https:\/\/www.jjrichet.com\/index.php?rest_route=%2Fwp%2Fv2%2Fmedia&parent=5062"}],"curies":[{"name":"wp","href":"https:\/\/api.w.org\/{rel}","templated":true}]}}