{"id":5081,"date":"2021-03-24T19:55:30","date_gmt":"2021-03-24T18:55:30","guid":{"rendered":"https:\/\/jjrichet.fr\/?page_id=5081"},"modified":"2022-04-13T16:52:25","modified_gmt":"2022-04-13T14:52:25","slug":"la-kinesiologie","status":"publish","type":"page","link":"https:\/\/www.jjrichet.com\/?page_id=5081","title":{"rendered":"La kin\u00e9siologie"},"content":{"rendered":"<section class=\"l-section wpb_row height_medium color_primary with_img\"><div class=\"l-section-img\" style=\"background-image: url(https:\/\/www.jjrichet.com\/wp-content\/uploads\/2021\/03\/photo-1476553986076-d59060d397e4.jpg);\" data-img-width=\"1000\" data-img-height=\"634\"><\/div><div class=\"l-section-h i-cf\"><div class=\"g-cols offset_small\"><div class=\"vc_col-sm-12 wpb_column vc_column_container\"><div class=\"vc_column-inner\"><div class=\"w-separator type_invisible size_huge thick_1 style_solid color_border cont_none\"><span class=\"w-separator-h\"><\/span><\/div><div class=\"w-separator type_invisible size_huge thick_1 style_solid color_border cont_none\"><span class=\"w-separator-h\"><\/span><\/div><div class=\"wpb_text_column \"><div class=\"wpb_wrapper\">\n<h2 class=\"font_6\" style=\"text-align: center;\">Pour Quoi consulter?<\/h2>\n<\/div> <\/div> <div class=\"w-separator type_invisible size_huge thick_1 style_solid color_border cont_none\"><span class=\"w-separator-h\"><\/span><\/div><div class=\"w-separator type_invisible size_huge thick_1 style_solid color_border cont_none\"><span class=\"w-separator-h\"><\/span><\/div><\/div><\/div><\/div><\/div><\/section><section class=\"l-section wpb_row height_medium\"><div class=\"l-section-h i-cf\"><div class=\"g-cols offset_small\"><div class=\"vc_col-sm-6 wpb_column vc_column_container\"><div class=\"vc_column-inner\"><div class=\"wpb_text_column \"><div class=\"wpb_wrapper\">\n<h2 class=\"font_6\">Pour Quoi consulter?<\/h2>\n<ul>\n<li class=\"font_8\"><span class=\"color_15\">Des\u00a0douleurs physiques persistantes<\/span><\/li>\n<li>Un besoin de se lib\u00e9rer<\/li>\n<li class=\"font_8\"><span class=\"color_15\"><span class=\"wixGuard\">\u200b<\/span><\/span><span class=\"color_15\">Une sensation de mal-\u00eatre avec ou sans explication<\/span><\/li>\n<li class=\"font_8\"><span class=\"color_15\">un nouveau\u00a0 cap\u00a0 \u00e0 franchir<\/span><\/li>\n<li class=\"font_8\"><span class=\"color_15\">une r\u00e9p\u00e9tition de situation douloureuse<\/span><\/li>\n<li class=\"font_8\"><span class=\"color_15\"><span class=\"wixGuard\">\u200b<\/span><\/span><span class=\"color_15\">L&rsquo;aide \u00e0 la travers\u00e9e d\u2019une situation de vie difficile<\/span><\/li>\n<\/ul>\n<\/div> <\/div> <\/div><\/div><div class=\"vc_col-sm-6 wpb_column vc_column_container\"><div class=\"vc_column-inner\"><div class=\"wpb_text_column \"><div class=\"wpb_wrapper\">\n<h2 class=\"font_6\"><span class=\"color_32\">La kinesiologie? D\u2019o\u00f9 \u00e7a vient?<\/span><\/h2>\n<p class=\"font_8\"><span class=\"color_15\">L\u2019origine de la pratique est celle de la chiropraxie et ost\u00e9opathie au d\u00e9but du 20e si\u00e8cle.<\/span><\/p>\n<p class=\"font_8\"><span class=\"color_15\">L\u2019\u00e9quilibration du tonus musculaire en \u00e9tait le premier principe.<br \/>\n<\/span><span class=\"color_15\">Des dizaines de chercheurs ont contribu\u00e9 \u00e0 enrichir ce savoir-faire. La kin\u00e9siologie s&rsquo;est enrichie \u00e0 ce jour aussi de\u00a0la psychologie, des neurosciences, de la M\u00e9decine Traditionnelle\u00a0\u00a0 Chinoise, de l\u2019\u00e9nerg\u00e9tique (magn\u00e9tisme),\u00a0 etc\u2026.<\/span><\/p>\n<p class=\"font_8\"><span class=\"color_15\">La kin\u00e9siologie n\u2019emploie pas de substance ni d\u2019alimentation\u00a0sp\u00e9cifique,\u00a0\u00a0elle ne r\u00e9duit pas les fractures non plus \u2026.<br \/>\n<\/span><span class=\"color_15\">Elle est compl\u00e9mentaire \u00e0 ces soins.<\/span><\/p>\n<\/div> <\/div> <\/div><\/div><\/div><\/div><\/section><section class=\"l-section wpb_row height_medium color_primary with_img\"><div class=\"l-section-img\" style=\"background-image: url(https:\/\/www.jjrichet.com\/wp-content\/uploads\/2021\/03\/photo-1578404391372-d64b8f6d65e9.jpg);\" data-img-width=\"1000\" data-img-height=\"668\"><\/div><div class=\"l-section-h i-cf\"><div class=\"g-cols offset_small\"><div class=\"vc_col-sm-12 wpb_column vc_column_container\"><div class=\"vc_column-inner\"><div class=\"w-actionbox color_primary controls_right\"><div class=\"w-actionbox-text\"><h2>ME JOINDRE<\/h2><p>Vous avez des questions ? Vous souhaitez prendre rendez-vous ?<\/p><\/div><div class=\"w-actionbox-controls\"><a class=\"w-btn color_white style_outlined icon_none\" href=\"https:\/\/www.jjrichet.com\/?page_id=1437\" style=\"font-size: 16px;\"><span class=\"w-btn-label\">CONTACT<\/span><\/a><\/div><\/div><\/div><\/div><\/div><\/div><\/section>\n","protected":false},"excerpt":{"rendered":"Pour Quoi consulter? Pour Quoi consulter? Des\u00a0douleurs physiques persistantes Un besoin de se lib\u00e9rer \u200bUne sensation de mal-\u00eatre avec ou sans explication un nouveau\u00a0 cap\u00a0 \u00e0 franchir une r\u00e9p\u00e9tition de...","protected":false},"author":1,"featured_media":0,"parent":0,"menu_order":0,"comment_status":"closed","ping_status":"closed","template":"","meta":{"footnotes":""},"class_list":["post-5081","page","type-page","status-publish","hentry"],"yoast_head":"<!-- This site is optimized with the Yoast SEO plugin v26.6 - https:\/\/yoast.com\/wordpress\/plugins\/seo\/ -->\n<title>La kin\u00e9siologie -<\/title>\n<meta name=\"robots\" content=\"index, follow, max-snippet:-1, max-image-preview:large, max-video-preview:-1\" \/>\n<link rel=\"canonical\" href=\"https:\/\/www.jjrichet.com\/?page_id=5081\" \/>\n<meta property=\"og:locale\" content=\"fr_FR\" \/>\n<meta property=\"og:type\" content=\"article\" \/>\n<meta property=\"og:title\" content=\"La kin\u00e9siologie -\" \/>\n<meta property=\"og:url\" content=\"https:\/\/www.jjrichet.com\/?page_id=5081\" \/>\n<meta property=\"article:modified_time\" content=\"2022-04-13T14:52:25+00:00\" \/>\n<meta name=\"twitter:card\" content=\"summary_large_image\" \/>\n<meta name=\"twitter:label1\" content=\"Dur\u00e9e de lecture estim\u00e9e\" \/>\n\t<meta name=\"twitter:data1\" content=\"1 minute\" \/>\n<script type=\"application\/ld+json\" class=\"yoast-schema-graph\">{\"@context\":\"https:\/\/schema.org\",\"@graph\":[{\"@type\":\"WebPage\",\"@id\":\"https:\/\/www.jjrichet.com\/?page_id=5081\",\"url\":\"https:\/\/www.jjrichet.com\/?page_id=5081\",\"name\":\"La kin\u00e9siologie -\",\"isPartOf\":{\"@id\":\"https:\/\/www.jjrichet.com\/#website\"},\"datePublished\":\"2021-03-24T18:55:30+00:00\",\"dateModified\":\"2022-04-13T14:52:25+00:00\",\"breadcrumb\":{\"@id\":\"https:\/\/www.jjrichet.com\/?page_id=5081#breadcrumb\"},\"inLanguage\":\"fr-FR\",\"potentialAction\":[{\"@type\":\"ReadAction\",\"target\":[\"https:\/\/www.jjrichet.com\/?page_id=5081\"]}]},{\"@type\":\"BreadcrumbList\",\"@id\":\"https:\/\/www.jjrichet.com\/?page_id=5081#breadcrumb\",\"itemListElement\":[{\"@type\":\"ListItem\",\"position\":1,\"name\":\"Accueil\",\"item\":\"https:\/\/www.jjrichet.com\/\"},{\"@type\":\"ListItem\",\"position\":2,\"name\":\"La kin\u00e9siologie\"}]},{\"@type\":\"WebSite\",\"@id\":\"https:\/\/www.jjrichet.com\/#website\",\"url\":\"https:\/\/www.jjrichet.com\/\",\"name\":\"\",\"description\":\"\",\"potentialAction\":[{\"@type\":\"SearchAction\",\"target\":{\"@type\":\"EntryPoint\",\"urlTemplate\":\"https:\/\/www.jjrichet.com\/?s={search_term_string}\"},\"query-input\":{\"@type\":\"PropertyValueSpecification\",\"valueRequired\":true,\"valueName\":\"search_term_string\"}}],\"inLanguage\":\"fr-FR\"}]}<\/script>\n<!-- \/ Yoast SEO plugin. -->","yoast_head_json":{"title":"La kin\u00e9siologie -","robots":{"index":"index","follow":"follow","max-snippet":"max-snippet:-1","max-image-preview":"max-image-preview:large","max-video-preview":"max-video-preview:-1"},"canonical":"https:\/\/www.jjrichet.com\/?page_id=5081","og_locale":"fr_FR","og_type":"article","og_title":"La kin\u00e9siologie -","og_url":"https:\/\/www.jjrichet.com\/?page_id=5081","article_modified_time":"2022-04-13T14:52:25+00:00","twitter_card":"summary_large_image","twitter_misc":{"Dur\u00e9e de lecture estim\u00e9e":"1 minute"},"schema":{"@context":"https:\/\/schema.org","@graph":[{"@type":"WebPage","@id":"https:\/\/www.jjrichet.com\/?page_id=5081","url":"https:\/\/www.jjrichet.com\/?page_id=5081","name":"La kin\u00e9siologie -","isPartOf":{"@id":"https:\/\/www.jjrichet.com\/#website"},"datePublished":"2021-03-24T18:55:30+00:00","dateModified":"2022-04-13T14:52:25+00:00","breadcrumb":{"@id":"https:\/\/www.jjrichet.com\/?page_id=5081#breadcrumb"},"inLanguage":"fr-FR","potentialAction":[{"@type":"ReadAction","target":["https:\/\/www.jjrichet.com\/?page_id=5081"]}]},{"@type":"BreadcrumbList","@id":"https:\/\/www.jjrichet.com\/?page_id=5081#breadcrumb","itemListElement":[{"@type":"ListItem","position":1,"name":"Accueil","item":"https:\/\/www.jjrichet.com\/"},{"@type":"ListItem","position":2,"name":"La kin\u00e9siologie"}]},{"@type":"WebSite","@id":"https:\/\/www.jjrichet.com\/#website","url":"https:\/\/www.jjrichet.com\/","name":"","description":"","potentialAction":[{"@type":"SearchAction","target":{"@type":"EntryPoint","urlTemplate":"https:\/\/www.jjrichet.com\/?s={search_term_string}"},"query-input":{"@type":"PropertyValueSpecification","valueRequired":true,"valueName":"search_term_string"}}],"inLanguage":"fr-FR"}]}},"_links":{"self":[{"href":"https:\/\/www.jjrichet.com\/index.php?rest_route=\/wp\/v2\/pages\/5081","targetHints":{"allow":["GET"]}}],"collection":[{"href":"https:\/\/www.jjrichet.com\/index.php?rest_route=\/wp\/v2\/pages"}],"about":[{"href":"https:\/\/www.jjrichet.com\/index.php?rest_route=\/wp\/v2\/types\/page"}],"author":[{"embeddable":true,"href":"https:\/\/www.jjrichet.com\/index.php?rest_route=\/wp\/v2\/users\/1"}],"replies":[{"embeddable":true,"href":"https:\/\/www.jjrichet.com\/index.php?rest_route=%2Fwp%2Fv2%2Fcomments&post=5081"}],"version-history":[{"count":5,"href":"https:\/\/www.jjrichet.com\/index.php?rest_route=\/wp\/v2\/pages\/5081\/revisions"}],"predecessor-version":[{"id":5226,"href":"https:\/\/www.jjrichet.com\/index.php?rest_route=\/wp\/v2\/pages\/5081\/revisions\/5226"}],"wp:attachment":[{"href":"https:\/\/www.jjrichet.com\/index.php?rest_route=%2Fwp%2Fv2%2Fmedia&parent=5081"}],"curies":[{"name":"wp","href":"https:\/\/api.w.org\/{rel}","templated":true}]}}