{"id":5095,"date":"2021-03-24T20:06:12","date_gmt":"2021-03-24T19:06:12","guid":{"rendered":"https:\/\/jjrichet.fr\/?page_id=5095"},"modified":"2022-04-13T16:53:57","modified_gmt":"2022-04-13T14:53:57","slug":"accompagnement-modalites","status":"publish","type":"page","link":"https:\/\/www.jjrichet.com\/?page_id=5095","title":{"rendered":"Accompagnement &#038; Modalit\u00e9s"},"content":{"rendered":"<section class=\"l-section wpb_row height_medium color_primary with_img with_overlay\"><div class=\"l-section-img\" style=\"background-image: url(https:\/\/www.jjrichet.com\/wp-content\/uploads\/2021\/03\/wheat-field-background.jpg);\" data-img-width=\"1920\" data-img-height=\"1027\"><\/div><div class=\"l-section-overlay\" style=\"background-color: rgba(10,10,10,0.21)\"><\/div><div class=\"l-section-h i-cf\"><div class=\"g-cols offset_small\"><div class=\"vc_col-sm-12 wpb_column vc_column_container\"><div class=\"vc_column-inner\"><div class=\"w-separator type_invisible size_huge thick_1 style_solid color_border cont_none\"><span class=\"w-separator-h\"><\/span><\/div><div class=\"w-separator type_invisible size_huge thick_1 style_solid color_border cont_none\"><span class=\"w-separator-h\"><\/span><\/div><div class=\"wpb_text_column \"><div class=\"wpb_wrapper\">\n<h1 style=\"text-align: center;\">Accompagnement &amp; Modalit\u00e9s<\/h1>\n<\/div> <\/div> <div class=\"w-separator type_invisible size_huge thick_1 style_solid color_border cont_none\"><span class=\"w-separator-h\"><\/span><\/div><div class=\"w-separator type_invisible size_huge thick_1 style_solid color_border cont_none\"><span class=\"w-separator-h\"><\/span><\/div><\/div><\/div><\/div><\/div><\/section><section class=\"l-section wpb_row height_medium\"><div class=\"l-section-h i-cf\"><div class=\"g-cols offset_small\"><div class=\"vc_col-sm-12 wpb_column vc_column_container\"><div class=\"vc_column-inner\"><div class=\"wpb_text_column \"><div class=\"wpb_wrapper\">\n<h2 class=\"font_6\" style=\"text-align: center;\"><span class=\"color_32\">M<\/span><span class=\"color_32\">on accompagnement<\/span><\/h2>\n<p class=\"font_8\" style=\"text-align: center;\"><span class=\"color_15\">Ce que nous avons v\u00e9cu cr\u00e9\u00e9 parfois des tensions internes mais\u00a0nous\u00a0apporte aussi de quoi les solutionner.<br \/>\n<\/span><span class=\"color_15\">Lors d&rsquo;une s\u00e9ance , je suis \u00e0 vos cot\u00e9s pour d\u00e9nouer ces tensions et mobiliser vos ressources dans votre corps, vos \u00e9motions et votre conscience.<\/span><\/p>\n<\/div> <\/div> <\/div><\/div><\/div><\/div><\/section><section class=\"l-section wpb_row height_medium\"><div class=\"l-section-h i-cf\"><div class=\"g-cols offset_small\"><div class=\"vc_col-sm-3 wpb_column vc_column_container\"><div class=\"vc_column-inner\"><div class=\"w-iconbox iconpos_top size_medium style_default color_primary\"><div class=\"w-iconbox-icon\"><i class=\"fa fa-question\"><\/i><\/div><h4 class=\"w-iconbox-title\">Pour qui ?<\/h4><div class=\"w-iconbox-text\">Tous les \u00e2ges. Les jeunes enfants sont accompagn\u00e9s<\/p>\n<\/div><\/div><\/div><\/div><div class=\"vc_col-sm-3 wpb_column vc_column_container\"><div class=\"vc_column-inner\"><div class=\"w-iconbox iconpos_top size_medium style_default color_primary\"><div class=\"w-iconbox-icon\"><i class=\"fa fa-book\"><\/i><\/div><h4 class=\"w-iconbox-title\">Comment ?<\/h4><div class=\"w-iconbox-text\">Lors d\u2019entrevue en s\u00e9ance d\u2019une heure environ.<\/p>\n<\/div><\/div><\/div><\/div><div class=\"vc_col-sm-3 wpb_column vc_column_container\"><div class=\"vc_column-inner\"><div class=\"w-iconbox iconpos_top size_medium style_default color_primary\"><div class=\"w-iconbox-icon\"><i class=\"fa fa-euro\"><\/i><\/div><h4 class=\"w-iconbox-title\">Co\u00fbt ?<\/h4><div class=\"w-iconbox-text\">70 \u20ac<br \/>\n(prise en charge par certaines compl\u00e9mentaires sant\u00e9)<\/p>\n<\/div><\/div><\/div><\/div><div class=\"vc_col-sm-3 wpb_column vc_column_container\"><div class=\"vc_column-inner\"><div class=\"w-iconbox iconpos_top size_medium style_default color_primary\"><div class=\"w-iconbox-icon\"><i class=\"mdfi_action_schedule\"><\/i><\/div><h4 class=\"w-iconbox-title\">Horaires ?<\/h4><div class=\"w-iconbox-text\">Du lundi au vendredi de 8H00 \u00e0 19H00<\/div><\/div><\/div><\/div><\/div><\/div><\/section><section class=\"l-section wpb_row height_medium color_primary with_img with_overlay\"><div class=\"l-section-img\" style=\"background-image: url(https:\/\/www.jjrichet.com\/wp-content\/uploads\/2021\/03\/mangrove-couv.jpg);\" data-img-width=\"1680\" data-img-height=\"750\"><\/div><div class=\"l-section-overlay\" style=\"background-color: rgba(0,0,0,0.39)\"><\/div><div class=\"l-section-h i-cf\"><div class=\"g-cols offset_small\"><div class=\"vc_col-sm-12 wpb_column vc_column_container\"><div class=\"vc_column-inner\"><div class=\"w-actionbox color_primary controls_right\"><div class=\"w-actionbox-text\"><h2>ME JOINDRE<\/h2><p>Vous avez des questions ? Vous souhaitez prendre rendez-vous ?<\/p><\/div><div class=\"w-actionbox-controls\"><a class=\"w-btn color_white style_outlined icon_none\" href=\"https:\/\/www.jjrichet.com\/?page_id=1437\" style=\"font-size: 20px;\"><span class=\"w-btn-label\">CONTACT<\/span><\/a><\/div><\/div><\/div><\/div><\/div><\/div><\/section>\n","protected":false},"excerpt":{"rendered":"Accompagnement &amp; Modalit\u00e9s Mon accompagnement Ce que nous avons v\u00e9cu cr\u00e9\u00e9 parfois des tensions internes mais\u00a0nous\u00a0apporte aussi de quoi les solutionner. Lors d'une s\u00e9ance , je suis \u00e0 vos cot\u00e9s...","protected":false},"author":1,"featured_media":0,"parent":0,"menu_order":0,"comment_status":"closed","ping_status":"closed","template":"","meta":{"footnotes":""},"class_list":["post-5095","page","type-page","status-publish","hentry"],"yoast_head":"<!-- This site is optimized with the Yoast SEO plugin v26.6 - https:\/\/yoast.com\/wordpress\/plugins\/seo\/ -->\n<title>Accompagnement &amp; Modalit\u00e9s -<\/title>\n<meta name=\"robots\" content=\"index, follow, max-snippet:-1, max-image-preview:large, max-video-preview:-1\" \/>\n<link rel=\"canonical\" href=\"https:\/\/www.jjrichet.com\/?page_id=5095\" \/>\n<meta property=\"og:locale\" content=\"fr_FR\" \/>\n<meta property=\"og:type\" content=\"article\" \/>\n<meta property=\"og:title\" content=\"Accompagnement &amp; Modalit\u00e9s -\" \/>\n<meta property=\"og:url\" content=\"https:\/\/www.jjrichet.com\/?page_id=5095\" \/>\n<meta property=\"article:modified_time\" content=\"2022-04-13T14:53:57+00:00\" \/>\n<meta name=\"twitter:card\" content=\"summary_large_image\" \/>\n<meta name=\"twitter:label1\" content=\"Dur\u00e9e de lecture estim\u00e9e\" \/>\n\t<meta name=\"twitter:data1\" content=\"1 minute\" \/>\n<script type=\"application\/ld+json\" class=\"yoast-schema-graph\">{\"@context\":\"https:\/\/schema.org\",\"@graph\":[{\"@type\":\"WebPage\",\"@id\":\"https:\/\/www.jjrichet.com\/?page_id=5095\",\"url\":\"https:\/\/www.jjrichet.com\/?page_id=5095\",\"name\":\"Accompagnement & Modalit\u00e9s -\",\"isPartOf\":{\"@id\":\"https:\/\/www.jjrichet.com\/#website\"},\"datePublished\":\"2021-03-24T19:06:12+00:00\",\"dateModified\":\"2022-04-13T14:53:57+00:00\",\"breadcrumb\":{\"@id\":\"https:\/\/www.jjrichet.com\/?page_id=5095#breadcrumb\"},\"inLanguage\":\"fr-FR\",\"potentialAction\":[{\"@type\":\"ReadAction\",\"target\":[\"https:\/\/www.jjrichet.com\/?page_id=5095\"]}]},{\"@type\":\"BreadcrumbList\",\"@id\":\"https:\/\/www.jjrichet.com\/?page_id=5095#breadcrumb\",\"itemListElement\":[{\"@type\":\"ListItem\",\"position\":1,\"name\":\"Accueil\",\"item\":\"https:\/\/www.jjrichet.com\/\"},{\"@type\":\"ListItem\",\"position\":2,\"name\":\"Accompagnement &#038; Modalit\u00e9s\"}]},{\"@type\":\"WebSite\",\"@id\":\"https:\/\/www.jjrichet.com\/#website\",\"url\":\"https:\/\/www.jjrichet.com\/\",\"name\":\"\",\"description\":\"\",\"potentialAction\":[{\"@type\":\"SearchAction\",\"target\":{\"@type\":\"EntryPoint\",\"urlTemplate\":\"https:\/\/www.jjrichet.com\/?s={search_term_string}\"},\"query-input\":{\"@type\":\"PropertyValueSpecification\",\"valueRequired\":true,\"valueName\":\"search_term_string\"}}],\"inLanguage\":\"fr-FR\"}]}<\/script>\n<!-- \/ Yoast SEO plugin. -->","yoast_head_json":{"title":"Accompagnement & Modalit\u00e9s -","robots":{"index":"index","follow":"follow","max-snippet":"max-snippet:-1","max-image-preview":"max-image-preview:large","max-video-preview":"max-video-preview:-1"},"canonical":"https:\/\/www.jjrichet.com\/?page_id=5095","og_locale":"fr_FR","og_type":"article","og_title":"Accompagnement & Modalit\u00e9s -","og_url":"https:\/\/www.jjrichet.com\/?page_id=5095","article_modified_time":"2022-04-13T14:53:57+00:00","twitter_card":"summary_large_image","twitter_misc":{"Dur\u00e9e de lecture estim\u00e9e":"1 minute"},"schema":{"@context":"https:\/\/schema.org","@graph":[{"@type":"WebPage","@id":"https:\/\/www.jjrichet.com\/?page_id=5095","url":"https:\/\/www.jjrichet.com\/?page_id=5095","name":"Accompagnement & Modalit\u00e9s -","isPartOf":{"@id":"https:\/\/www.jjrichet.com\/#website"},"datePublished":"2021-03-24T19:06:12+00:00","dateModified":"2022-04-13T14:53:57+00:00","breadcrumb":{"@id":"https:\/\/www.jjrichet.com\/?page_id=5095#breadcrumb"},"inLanguage":"fr-FR","potentialAction":[{"@type":"ReadAction","target":["https:\/\/www.jjrichet.com\/?page_id=5095"]}]},{"@type":"BreadcrumbList","@id":"https:\/\/www.jjrichet.com\/?page_id=5095#breadcrumb","itemListElement":[{"@type":"ListItem","position":1,"name":"Accueil","item":"https:\/\/www.jjrichet.com\/"},{"@type":"ListItem","position":2,"name":"Accompagnement &#038; Modalit\u00e9s"}]},{"@type":"WebSite","@id":"https:\/\/www.jjrichet.com\/#website","url":"https:\/\/www.jjrichet.com\/","name":"","description":"","potentialAction":[{"@type":"SearchAction","target":{"@type":"EntryPoint","urlTemplate":"https:\/\/www.jjrichet.com\/?s={search_term_string}"},"query-input":{"@type":"PropertyValueSpecification","valueRequired":true,"valueName":"search_term_string"}}],"inLanguage":"fr-FR"}]}},"_links":{"self":[{"href":"https:\/\/www.jjrichet.com\/index.php?rest_route=\/wp\/v2\/pages\/5095","targetHints":{"allow":["GET"]}}],"collection":[{"href":"https:\/\/www.jjrichet.com\/index.php?rest_route=\/wp\/v2\/pages"}],"about":[{"href":"https:\/\/www.jjrichet.com\/index.php?rest_route=\/wp\/v2\/types\/page"}],"author":[{"embeddable":true,"href":"https:\/\/www.jjrichet.com\/index.php?rest_route=\/wp\/v2\/users\/1"}],"replies":[{"embeddable":true,"href":"https:\/\/www.jjrichet.com\/index.php?rest_route=%2Fwp%2Fv2%2Fcomments&post=5095"}],"version-history":[{"count":1,"href":"https:\/\/www.jjrichet.com\/index.php?rest_route=\/wp\/v2\/pages\/5095\/revisions"}],"predecessor-version":[{"id":5229,"href":"https:\/\/www.jjrichet.com\/index.php?rest_route=\/wp\/v2\/pages\/5095\/revisions\/5229"}],"wp:attachment":[{"href":"https:\/\/www.jjrichet.com\/index.php?rest_route=%2Fwp%2Fv2%2Fmedia&parent=5095"}],"curies":[{"name":"wp","href":"https:\/\/api.w.org\/{rel}","templated":true}]}}